{"id":1191,"date":"2023-12-25T17:28:19","date_gmt":"2023-12-25T17:28:19","guid":{"rendered":"https:\/\/europa112.pl\/?page_id=1191"},"modified":"2024-11-25T10:54:16","modified_gmt":"2024-11-25T10:54:16","slug":"filmy","status":"publish","type":"page","link":"https:\/\/europa112.pl\/index.php\/filmy\/","title":{"rendered":"Filmy"},"content":{"rendered":"\n<figure class=\"wp-block-embed is-type-video is-provider-youtube wp-block-embed-youtube wp-embed-aspect-16-9 wp-has-aspect-ratio\"><div class=\"wp-block-embed__wrapper\">\n<iframe loading=\"lazy\" title=\"&quot;Wieczornica&quot; w ramach projektu &quot;Kultura wczoraj, dzisiaj, jutro&quot; - relacja\" width=\"960\" height=\"540\" src=\"https:\/\/www.youtube.com\/embed\/mcrRalCqpKw?feature=oembed\" frameborder=\"0\" allow=\"accelerometer; autoplay; clipboard-write; encrypted-media; gyroscope; picture-in-picture; web-share\" referrerpolicy=\"strict-origin-when-cross-origin\" allowfullscreen><\/iframe>\n<\/div><\/figure>\n\n\n\n<figure class=\"wp-block-embed is-type-video is-provider-youtube wp-block-embed-youtube wp-embed-aspect-16-9 wp-has-aspect-ratio\"><div class=\"wp-block-embed__wrapper\">\n<iframe loading=\"lazy\" title=\"Gminny Dzie\u0144 Bezpiecze\u0144stwa 2024 w Celestynowie.\" width=\"960\" height=\"540\" src=\"https:\/\/www.youtube.com\/embed\/C6rqVhp4T10?feature=oembed\" frameborder=\"0\" allow=\"accelerometer; autoplay; clipboard-write; encrypted-media; gyroscope; picture-in-picture; web-share\" referrerpolicy=\"strict-origin-when-cross-origin\" allowfullscreen><\/iframe>\n<\/div><\/figure>\n\n\n\n<figure class=\"wp-block-embed is-type-video is-provider-youtube wp-block-embed-youtube wp-embed-aspect-16-9 wp-has-aspect-ratio\"><div class=\"wp-block-embed__wrapper\">\n<iframe loading=\"lazy\" title=\"Dzie\u0144 Bezpiecze\u0144stwa w Celestynowie 2023 - relacja\" width=\"960\" height=\"540\" src=\"https:\/\/www.youtube.com\/embed\/1NTDcLZ5Ook?feature=oembed\" frameborder=\"0\" allow=\"accelerometer; autoplay; clipboard-write; encrypted-media; gyroscope; picture-in-picture; web-share\" referrerpolicy=\"strict-origin-when-cross-origin\" allowfullscreen><\/iframe>\n<\/div><\/figure>\n\n\n\n<figure class=\"wp-block-embed aligncenter is-type-video is-provider-youtube wp-block-embed-youtube wp-embed-aspect-16-9 wp-has-aspect-ratio\"><div class=\"wp-block-embed__wrapper\">\n<iframe loading=\"lazy\" title=\"Obchody 80. Rocznicy Akcji Celestyn\u00f3w - relacja z wydarzenia\" width=\"960\" height=\"540\" src=\"https:\/\/www.youtube.com\/embed\/rLECv8fcRNQ?feature=oembed\" frameborder=\"0\" allow=\"accelerometer; autoplay; clipboard-write; encrypted-media; gyroscope; picture-in-picture; web-share\" referrerpolicy=\"strict-origin-when-cross-origin\" allowfullscreen><\/iframe>\n<\/div><\/figure>\n\n\n\n<figure class=\"wp-block-embed is-type-video is-provider-youtube wp-block-embed-youtube wp-embed-aspect-16-9 wp-has-aspect-ratio\"><div class=\"wp-block-embed__wrapper\">\n<iframe loading=\"lazy\" title=\"Projekt Uczmy si\u0119 bezpiecze\u0144stwa - Fundacja Europa 112\" width=\"960\" height=\"540\" src=\"https:\/\/www.youtube.com\/embed\/yIvii9lysQU?feature=oembed\" frameborder=\"0\" allow=\"accelerometer; autoplay; clipboard-write; encrypted-media; gyroscope; picture-in-picture; web-share\" referrerpolicy=\"strict-origin-when-cross-origin\" allowfullscreen><\/iframe>\n<\/div><\/figure>\n\n\n\n<figure class=\"wp-block-embed is-type-video is-provider-youtube wp-block-embed-youtube wp-embed-aspect-16-9 wp-has-aspect-ratio\"><div class=\"wp-block-embed__wrapper\">\n<iframe loading=\"lazy\" title=\"Gminny Dzie\u0144 Bezpiecze\u0144stwa w Celestynowie - 19 czerwca 2022 r.\" width=\"960\" height=\"540\" src=\"https:\/\/www.youtube.com\/embed\/98Q_v-9Ame4?feature=oembed\" frameborder=\"0\" allow=\"accelerometer; autoplay; clipboard-write; encrypted-media; gyroscope; picture-in-picture; web-share\" referrerpolicy=\"strict-origin-when-cross-origin\" allowfullscreen><\/iframe>\n<\/div><\/figure>\n\n\n\n<figure class=\"wp-block-embed is-type-video is-provider-youtube wp-block-embed-youtube wp-embed-aspect-16-9 wp-has-aspect-ratio\"><div class=\"wp-block-embed__wrapper\">\n<iframe loading=\"lazy\" title=\"Projekt \u201ePoznaj i zadbaj o bezpiecze\u0144stwo las\u00f3w oraz celestynowskie rezerwaty przyrody\u201d - relacja\" width=\"960\" height=\"540\" src=\"https:\/\/www.youtube.com\/embed\/CIBZ05fketQ?feature=oembed\" frameborder=\"0\" allow=\"accelerometer; autoplay; clipboard-write; encrypted-media; gyroscope; picture-in-picture; web-share\" referrerpolicy=\"strict-origin-when-cross-origin\" allowfullscreen><\/iframe>\n<\/div><\/figure>\n\n\n\n<figure class=\"wp-block-embed is-type-video is-provider-youtube wp-block-embed-youtube wp-embed-aspect-16-9 wp-has-aspect-ratio\"><div class=\"wp-block-embed__wrapper\">\n<iframe loading=\"lazy\" title=\"Gala fina\u0142owa Gminnego Dnia Bezpiecze\u0144stwa &quot;\u017byjmy Bezpiecznie&quot; w Celestynowie\" width=\"960\" height=\"540\" src=\"https:\/\/www.youtube.com\/embed\/hPVpQznnidw?feature=oembed\" frameborder=\"0\" allow=\"accelerometer; autoplay; clipboard-write; encrypted-media; gyroscope; picture-in-picture; web-share\" referrerpolicy=\"strict-origin-when-cross-origin\" allowfullscreen><\/iframe>\n<\/div><\/figure>\n\n\n\n<figure class=\"wp-block-embed is-type-video is-provider-youtube wp-block-embed-youtube wp-embed-aspect-16-9 wp-has-aspect-ratio\"><div class=\"wp-block-embed__wrapper\">\n<iframe loading=\"lazy\" title=\"Gminny Dzie\u0144 Bezpiecze\u0144stwa &quot;\u017byjmy Bezpiecznie&quot; w Celestynowie - relacja\" width=\"960\" height=\"540\" src=\"https:\/\/www.youtube.com\/embed\/81kQALXFaI4?feature=oembed\" frameborder=\"0\" allow=\"accelerometer; autoplay; clipboard-write; encrypted-media; gyroscope; picture-in-picture; web-share\" referrerpolicy=\"strict-origin-when-cross-origin\" allowfullscreen><\/iframe>\n<\/div><\/figure>\n\n\n\n<figure class=\"wp-block-embed is-type-video is-provider-youtube wp-block-embed-youtube wp-embed-aspect-16-9 wp-has-aspect-ratio\"><div class=\"wp-block-embed__wrapper\">\n<iframe loading=\"lazy\" title=\"Uroczysto\u015b\u0107 pasowania - M\u0142odzie\u017cowe Dru\u017cyny Po\u017carnicze w Gminie Celestyn\u00f3w - 2018 rok.\" width=\"960\" height=\"540\" src=\"https:\/\/www.youtube.com\/embed\/dUVTGiVsMng?feature=oembed\" frameborder=\"0\" allow=\"accelerometer; autoplay; clipboard-write; encrypted-media; gyroscope; picture-in-picture; web-share\" referrerpolicy=\"strict-origin-when-cross-origin\" allowfullscreen><\/iframe>\n<\/div><\/figure>\n\n\n\n<h1 class=\"has-text-align-center\">Konferencje<\/h1>\n\n\n\n<figure class=\"wp-block-embed is-type-video is-provider-youtube wp-block-embed-youtube wp-embed-aspect-4-3 wp-has-aspect-ratio\"><div class=\"wp-block-embed__wrapper\">\n<iframe loading=\"lazy\" title=\"Konferencja \u201eUczmy si\u0119 przeciwdzia\u0142a\u0107 zagro\u017ceniom\u201d - Fundacja Europa 112\" width=\"960\" height=\"720\" src=\"https:\/\/www.youtube.com\/embed\/fssNAHL_kvI?feature=oembed\" frameborder=\"0\" allow=\"accelerometer; autoplay; clipboard-write; encrypted-media; gyroscope; picture-in-picture; web-share\" referrerpolicy=\"strict-origin-when-cross-origin\" allowfullscreen><\/iframe>\n<\/div><\/figure>\n\n\n\n<figure class=\"wp-block-embed is-type-video is-provider-youtube wp-block-embed-youtube wp-embed-aspect-16-9 wp-has-aspect-ratio\"><div class=\"wp-block-embed__wrapper\">\n<iframe loading=\"lazy\" title=\"Konferencja \u201eUczmy si\u0119 bezpiecze\u0144stwa -Dzisiejsze zagro\u017cenia\u201d - Fundacja Europa 112\" width=\"960\" height=\"540\" src=\"https:\/\/www.youtube.com\/embed\/gLhEDWbazwc?feature=oembed\" frameborder=\"0\" allow=\"accelerometer; autoplay; clipboard-write; encrypted-media; gyroscope; picture-in-picture; web-share\" referrerpolicy=\"strict-origin-when-cross-origin\" allowfullscreen><\/iframe>\n<\/div><\/figure>\n\n\n\n<figure class=\"wp-block-embed is-type-video is-provider-youtube wp-block-embed-youtube wp-embed-aspect-16-9 wp-has-aspect-ratio\"><div class=\"wp-block-embed__wrapper\">\n<iframe loading=\"lazy\" title=\"&quot;UCZMY SI\u0118 \u017bY\u0106 BEZPIECZNIE&quot; w czasach koronawirusa - kr\u00f3tka relacja\" width=\"960\" height=\"540\" src=\"https:\/\/www.youtube.com\/embed\/3JDPEx3h024?feature=oembed\" frameborder=\"0\" allow=\"accelerometer; autoplay; clipboard-write; encrypted-media; gyroscope; picture-in-picture; web-share\" referrerpolicy=\"strict-origin-when-cross-origin\" allowfullscreen><\/iframe>\n<\/div><\/figure>\n\n\n\n<figure class=\"wp-block-embed is-type-video is-provider-youtube wp-block-embed-youtube wp-embed-aspect-16-9 wp-has-aspect-ratio\"><div class=\"wp-block-embed__wrapper\">\n<iframe loading=\"lazy\" title=\"&quot;Uczmy si\u0119 \u017cy\u0107 bezpiecznie&quot; w czasach koronawirusa - Szkolenie Antyterrorystyczne\" width=\"960\" height=\"540\" src=\"https:\/\/www.youtube.com\/embed\/2QcLS42mmPw?feature=oembed\" frameborder=\"0\" allow=\"accelerometer; autoplay; clipboard-write; encrypted-media; gyroscope; picture-in-picture; web-share\" referrerpolicy=\"strict-origin-when-cross-origin\" allowfullscreen><\/iframe>\n<\/div><\/figure>\n\n\n\n<figure class=\"wp-block-embed is-type-video is-provider-youtube wp-block-embed-youtube wp-embed-aspect-16-9 wp-has-aspect-ratio\"><div class=\"wp-block-embed__wrapper\">\n<iframe loading=\"lazy\" title=\"&quot;Uczmy si\u0119 \u017cy\u0107 bezpiecznie&quot; w czasach koronawirusa - Debata oraz Szkolenie  z Pierwszej Pomocy\" width=\"960\" height=\"540\" src=\"https:\/\/www.youtube.com\/embed\/ArjJZcLsjHI?feature=oembed\" frameborder=\"0\" allow=\"accelerometer; autoplay; clipboard-write; encrypted-media; gyroscope; picture-in-picture; web-share\" referrerpolicy=\"strict-origin-when-cross-origin\" allowfullscreen><\/iframe>\n<\/div><\/figure>\n\n\n\n<figure class=\"wp-block-embed is-type-video is-provider-youtube wp-block-embed-youtube wp-embed-aspect-16-9 wp-has-aspect-ratio\"><div class=\"wp-block-embed__wrapper\">\n<iframe loading=\"lazy\" title=\"Debata publiczna \u201eBezpiecze\u0144stwo wsp\u00f3ln\u0105 spraw\u0105 \u2013 perspektywy i wyzwania\u201d - Relacja\" width=\"960\" height=\"540\" src=\"https:\/\/www.youtube.com\/embed\/C_GguwMkH14?feature=oembed\" frameborder=\"0\" allow=\"accelerometer; autoplay; clipboard-write; encrypted-media; gyroscope; picture-in-picture; web-share\" referrerpolicy=\"strict-origin-when-cross-origin\" allowfullscreen><\/iframe>\n<\/div><\/figure>\n\n\n\n<figure class=\"wp-block-embed is-type-video is-provider-youtube wp-block-embed-youtube wp-embed-aspect-16-9 wp-has-aspect-ratio\"><div class=\"wp-block-embed__wrapper\">\n<iframe loading=\"lazy\" title=\"Debata \u201eBezpiecze\u0144stwo wsp\u00f3ln\u0105 spraw\u0105 \u2013 perspektywy i wyzwania\u201d  Cz.2 - Fundacja Europa 112\" width=\"960\" height=\"540\" src=\"https:\/\/www.youtube.com\/embed\/nBPKmzBJs80?feature=oembed\" frameborder=\"0\" allow=\"accelerometer; autoplay; clipboard-write; encrypted-media; gyroscope; picture-in-picture; web-share\" referrerpolicy=\"strict-origin-when-cross-origin\" allowfullscreen><\/iframe>\n<\/div><\/figure>\n\n\n\n<figure class=\"wp-block-embed is-type-video is-provider-youtube wp-block-embed-youtube wp-embed-aspect-16-9 wp-has-aspect-ratio\"><div class=\"wp-block-embed__wrapper\">\n<iframe loading=\"lazy\" title=\"Debata &quot;Bezpiecze\u0144stwo wsp\u00f3ln\u0105 spraw\u0105 \u2013 perspektywy i wyzwania&quot; Cz1. - Fundacja Europa 112\" width=\"960\" height=\"540\" src=\"https:\/\/www.youtube.com\/embed\/UzPAlATQ0JM?feature=oembed\" frameborder=\"0\" allow=\"accelerometer; autoplay; clipboard-write; encrypted-media; gyroscope; picture-in-picture; web-share\" referrerpolicy=\"strict-origin-when-cross-origin\" allowfullscreen><\/iframe>\n<\/div><\/figure>\n","protected":false},"excerpt":{"rendered":"<p>Konferencje<\/p>\n","protected":false},"author":1,"featured_media":0,"parent":0,"menu_order":0,"comment_status":"closed","ping_status":"closed","template":"","meta":[],"_links":{"self":[{"href":"https:\/\/europa112.pl\/index.php\/wp-json\/wp\/v2\/pages\/1191"}],"collection":[{"href":"https:\/\/europa112.pl\/index.php\/wp-json\/wp\/v2\/pages"}],"about":[{"href":"https:\/\/europa112.pl\/index.php\/wp-json\/wp\/v2\/types\/page"}],"author":[{"embeddable":true,"href":"https:\/\/europa112.pl\/index.php\/wp-json\/wp\/v2\/users\/1"}],"replies":[{"embeddable":true,"href":"https:\/\/europa112.pl\/index.php\/wp-json\/wp\/v2\/comments?post=1191"}],"version-history":[{"count":7,"href":"https:\/\/europa112.pl\/index.php\/wp-json\/wp\/v2\/pages\/1191\/revisions"}],"predecessor-version":[{"id":1307,"href":"https:\/\/europa112.pl\/index.php\/wp-json\/wp\/v2\/pages\/1191\/revisions\/1307"}],"wp:attachment":[{"href":"https:\/\/europa112.pl\/index.php\/wp-json\/wp\/v2\/media?parent=1191"}],"curies":[{"name":"wp","href":"https:\/\/api.w.org\/{rel}","templated":true}]}}