{"id":47,"date":"2018-04-09T09:53:02","date_gmt":"2018-04-09T09:53:02","guid":{"rendered":"http:\/\/europa112.pl\/?page_id=47"},"modified":"2018-04-09T09:53:02","modified_gmt":"2018-04-09T09:53:02","slug":"dzialalnosc","status":"publish","type":"page","link":"https:\/\/europa112.pl\/index.php\/dzialalnosc\/","title":{"rendered":"Dzia\u0142alno\u015b\u0107"},"content":{"rendered":"<p><img loading=\"lazy\" class=\"alignnone size-large wp-image-48\" src=\"http:\/\/europa112.pl\/wp-content\/uploads\/2018\/04\/sandwich-1-1024x494.jpg\" alt=\"\" width=\"960\" height=\"463\" srcset=\"https:\/\/europa112.pl\/wp-content\/uploads\/2018\/04\/sandwich-1-1024x494.jpg 1024w, https:\/\/europa112.pl\/wp-content\/uploads\/2018\/04\/sandwich-1-300x145.jpg 300w, https:\/\/europa112.pl\/wp-content\/uploads\/2018\/04\/sandwich-1-768x370.jpg 768w, https:\/\/europa112.pl\/wp-content\/uploads\/2018\/04\/sandwich-1-1140x549.jpg 1140w, https:\/\/europa112.pl\/wp-content\/uploads\/2018\/04\/sandwich-1.jpg 2000w\" sizes=\"(max-width: 960px) 100vw, 960px\" \/><\/p>\n","protected":false},"excerpt":{"rendered":"","protected":false},"author":1,"featured_media":0,"parent":0,"menu_order":0,"comment_status":"closed","ping_status":"closed","template":"","meta":[],"_links":{"self":[{"href":"https:\/\/europa112.pl\/index.php\/wp-json\/wp\/v2\/pages\/47"}],"collection":[{"href":"https:\/\/europa112.pl\/index.php\/wp-json\/wp\/v2\/pages"}],"about":[{"href":"https:\/\/europa112.pl\/index.php\/wp-json\/wp\/v2\/types\/page"}],"author":[{"embeddable":true,"href":"https:\/\/europa112.pl\/index.php\/wp-json\/wp\/v2\/users\/1"}],"replies":[{"embeddable":true,"href":"https:\/\/europa112.pl\/index.php\/wp-json\/wp\/v2\/comments?post=47"}],"version-history":[{"count":2,"href":"https:\/\/europa112.pl\/index.php\/wp-json\/wp\/v2\/pages\/47\/revisions"}],"predecessor-version":[{"id":166,"href":"https:\/\/europa112.pl\/index.php\/wp-json\/wp\/v2\/pages\/47\/revisions\/166"}],"wp:attachment":[{"href":"https:\/\/europa112.pl\/index.php\/wp-json\/wp\/v2\/media?parent=47"}],"curies":[{"name":"wp","href":"https:\/\/api.w.org\/{rel}","templated":true}]}}