{"id":53,"date":"2018-04-09T09:55:12","date_gmt":"2018-04-09T09:55:12","guid":{"rendered":"http:\/\/europa112.pl\/?page_id=53"},"modified":"2021-10-20T09:07:45","modified_gmt":"2021-10-20T09:07:45","slug":"oferta","status":"publish","type":"page","link":"https:\/\/europa112.pl\/index.php\/dzialalnosc\/oferta\/","title":{"rendered":"Szkolenia"},"content":{"rendered":"<h4>Szkolenia<\/h4>\n<blockquote><p>Fundacja Europa 112 prowadzi szkolenia z zakresu bezpiecze\u0144stwa antyterrorystycznego dla ludno\u015bci, administracji pa\u0144stwowej, plac\u00f3wek o\u015bwiatowych i kulturalnych, zak\u0142ad\u00f3w pracy.<\/p>\n<div id='gallery-1' class='gallery galleryid-53 gallery-columns-2 gallery-size-medium'><figure class='gallery-item'>\n\t\t\t<div class='gallery-icon landscape'>\n\t\t\t\t<img width=\"300\" height=\"197\" src=\"https:\/\/europa112.pl\/wp-content\/uploads\/2018\/04\/oferta1-300x197.jpg\" class=\"attachment-medium size-medium\" alt=\"\" loading=\"lazy\" srcset=\"https:\/\/europa112.pl\/wp-content\/uploads\/2018\/04\/oferta1-300x197.jpg 300w, https:\/\/europa112.pl\/wp-content\/uploads\/2018\/04\/oferta1-500x330.jpg 500w, https:\/\/europa112.pl\/wp-content\/uploads\/2018\/04\/oferta1.jpg 550w\" sizes=\"(max-width: 300px) 100vw, 300px\" \/>\n\t\t\t<\/div><\/figure><figure class='gallery-item'>\n\t\t\t<div class='gallery-icon landscape'>\n\t\t\t\t<img width=\"300\" height=\"197\" src=\"https:\/\/europa112.pl\/wp-content\/uploads\/2018\/04\/oferta2-300x197.jpg\" class=\"attachment-medium size-medium\" alt=\"\" loading=\"lazy\" srcset=\"https:\/\/europa112.pl\/wp-content\/uploads\/2018\/04\/oferta2-300x197.jpg 300w, https:\/\/europa112.pl\/wp-content\/uploads\/2018\/04\/oferta2-500x330.jpg 500w, https:\/\/europa112.pl\/wp-content\/uploads\/2018\/04\/oferta2.jpg 550w\" sizes=\"(max-width: 300px) 100vw, 300px\" \/>\n\t\t\t<\/div><\/figure><figure class='gallery-item'>\n\t\t\t<div class='gallery-icon landscape'>\n\t\t\t\t<img width=\"300\" height=\"197\" src=\"https:\/\/europa112.pl\/wp-content\/uploads\/2018\/04\/oferta3-300x197.jpg\" class=\"attachment-medium size-medium\" alt=\"\" loading=\"lazy\" srcset=\"https:\/\/europa112.pl\/wp-content\/uploads\/2018\/04\/oferta3-300x197.jpg 300w, https:\/\/europa112.pl\/wp-content\/uploads\/2018\/04\/oferta3-500x330.jpg 500w, https:\/\/europa112.pl\/wp-content\/uploads\/2018\/04\/oferta3.jpg 550w\" sizes=\"(max-width: 300px) 100vw, 300px\" \/>\n\t\t\t<\/div><\/figure><figure class='gallery-item'>\n\t\t\t<div class='gallery-icon landscape'>\n\t\t\t\t<img width=\"300\" height=\"197\" src=\"https:\/\/europa112.pl\/wp-content\/uploads\/2018\/04\/oferta4-300x197.jpg\" class=\"attachment-medium size-medium\" alt=\"\" loading=\"lazy\" srcset=\"https:\/\/europa112.pl\/wp-content\/uploads\/2018\/04\/oferta4-300x197.jpg 300w, https:\/\/europa112.pl\/wp-content\/uploads\/2018\/04\/oferta4-500x330.jpg 500w, https:\/\/europa112.pl\/wp-content\/uploads\/2018\/04\/oferta4.jpg 550w\" sizes=\"(max-width: 300px) 100vw, 300px\" \/>\n\t\t\t<\/div><\/figure>\n\t\t<\/div>\n<\/blockquote>\n","protected":false},"excerpt":{"rendered":"<p>Szkolenia Fundacja Europa 112 prowadzi szkolenia z zakresu bezpiecze\u0144stwa antyterrorystycznego dla ludno\u015bci, administracji pa\u0144stwowej, plac\u00f3wek o\u015bwiatowych i kulturalnych, zak\u0142ad\u00f3w pracy.<\/p>\n","protected":false},"author":1,"featured_media":0,"parent":47,"menu_order":0,"comment_status":"closed","ping_status":"closed","template":"","meta":[],"_links":{"self":[{"href":"https:\/\/europa112.pl\/index.php\/wp-json\/wp\/v2\/pages\/53"}],"collection":[{"href":"https:\/\/europa112.pl\/index.php\/wp-json\/wp\/v2\/pages"}],"about":[{"href":"https:\/\/europa112.pl\/index.php\/wp-json\/wp\/v2\/types\/page"}],"author":[{"embeddable":true,"href":"https:\/\/europa112.pl\/index.php\/wp-json\/wp\/v2\/users\/1"}],"replies":[{"embeddable":true,"href":"https:\/\/europa112.pl\/index.php\/wp-json\/wp\/v2\/comments?post=53"}],"version-history":[{"count":4,"href":"https:\/\/europa112.pl\/index.php\/wp-json\/wp\/v2\/pages\/53\/revisions"}],"predecessor-version":[{"id":281,"href":"https:\/\/europa112.pl\/index.php\/wp-json\/wp\/v2\/pages\/53\/revisions\/281"}],"up":[{"embeddable":true,"href":"https:\/\/europa112.pl\/index.php\/wp-json\/wp\/v2\/pages\/47"}],"wp:attachment":[{"href":"https:\/\/europa112.pl\/index.php\/wp-json\/wp\/v2\/media?parent=53"}],"curies":[{"name":"wp","href":"https:\/\/api.w.org\/{rel}","templated":true}]}}