{"id":60,"date":"2018-04-09T09:57:31","date_gmt":"2018-04-09T09:57:31","guid":{"rendered":"http:\/\/europa112.pl\/?page_id=60"},"modified":"2023-01-25T14:12:31","modified_gmt":"2023-01-25T14:12:31","slug":"misja","status":"publish","type":"page","link":"https:\/\/europa112.pl\/index.php\/o-nas-2\/misja\/","title":{"rendered":"Zadania"},"content":{"rendered":"<h4>Zadania<\/h4>\n<blockquote><p>Zadaniem Fundacji EUROPA 112 jest praca na rzecz rozwoju bezpiecze\u0144stwa publicznego, ratownictwa i ochrony ludno\u015bci.To wyzwanie chcemy realizowa\u0107 poprzez innowacyjn\u0105 dzia\u0142alno\u015b\u0107 naukowo-techniczn\u0105, edukacj\u0119, promocj\u0119 i wspieranie podmiot\u00f3w ratowniczych.<\/p>\n<p>Wszystkie dzia\u0142ania zosta\u0142y zaprojektowane do realizacji w<strong> partnerstwie mi\u0119dzyinstytucjonalnym.<\/strong> Szczeg\u00f3ln\u0105 rol\u0119 odgrywaj\u0105 porozumienia zawarte z w\u0142adzami: samorz\u0105d\u00f3w gminnych, gminnych ochotniczych stra\u017cy po\u017carnych, plac\u00f3wek o\u015bwiatowych, gminnych o\u015brodk\u00f3w sportu i kultury. Z uwagi na zakres dzia\u0142a\u0144 strategicznym partnerem&nbsp; dla realizacji projekt\u00f3w Fundacji s\u0105 instytucje odpowiedzialne za bezpiecze\u0144stwo publiczne, tj. np. Policja czy Pa\u0144stwowa Stra\u017c Po\u017carna. Do wsp\u00f3\u0142pracy zaproszeni zostali tak\u017ce przedsi\u0119biorcy, przedstawiciele lokalnych medi\u00f3w, ko\u015bcio\u0142a.<\/p><\/blockquote>\n<h4>Szczeg\u00f3\u0142owy zakres dzia\u0142ania<\/h4>\n<blockquote><p>Fundacja reguluje swoje cele przez:<\/p>\n<ol>\n<li>Wsp\u00f3\u0142prac\u0119 z samorz\u0105dami lokalnymi w zakresie podnoszenia poziomu ratownictwa i bezpiecze\u0144stwa przez jego rozw\u00f3j i zwi\u0119kszenie jego efektywno\u015bci.<\/li>\n<li>Prowadzenie dzia\u0142a\u0144 wspieraj\u0105cych podmioty ratownicze i podmioty odpowiedzialne za bezpiecze\u0144stwo publiczne, w tym poprzez zapewnienie szkole\u0144 podnosz\u0105cych ich kwalifikacje.<\/li>\n<li>Prowadzenie bada\u0144 maj\u0105cych na celu analizowanie i syntezowanie danych dotycz\u0105cych poziomu bezpiecze\u0144stwa, ratownictwa i ochrony ludno\u015bci.<\/li>\n<li>Inicjowanie przedsi\u0119wzi\u0119\u0107 i wsp\u00f3\u0142dzia\u0142anie przy budowaniu innowacyjnego systemu bezpiecze\u0144stwa, ratownictwa i ochrony ludno\u015bci odpowiadaj\u0105cego rzeczywistemu zapotrzebowaniu w tym zakresie (model wsp\u00f3\u0142pracy).<\/li>\n<li>Aktywizowanie jednostek Ochotniczych Stra\u017cy Po\u017carnych w zakresie realizacji wypracowanego systemu bezpiecze\u0144stwa, ratownictwa i ochrony ludno\u015bci.<\/li>\n<li>Wprowadzanie innowacyjno\u015bci w zarz\u0105dzaniu bezpiecze\u0144stwem w ramach realizacji projekt\u00f3w i program\u00f3w.<\/li>\n<li>Organizowanie pomocy i pozyskiwanie \u015brodk\u00f3w na rzecz podmiot\u00f3w ratowniczych i podmiot\u00f3w odpowiedzialnych za bezpiecze\u0144stwo<\/li>\n<li>Dzia\u0142ania edukacyjne i profilaktyczne w zakresie ratownictwa i bezpiecze\u0144stwa z uwzgl\u0119dnieniem ochrony \u015brodowiska<\/li>\n<li>Wsp\u00f3\u0142prac\u0119 ze spo\u0142eczno\u015bciami lokalnymi przez podnoszenie \u015bwiadomo\u015bci spo\u0142ecze\u0144stwa w zakresie wyst\u0119puj\u0105cych zagro\u017ce\u0144, w tym naturalnych i cywilizacyjnych oraz mo\u017cliwo\u015bci zapobiegania.<\/li>\n<li>Udzielanie pomocy prawnej i psychologicznej ratownikom i stra\u017cakom poszkodowanym w akcjach ratowniczych oraz ofiarom kl\u0119sk, katastrof i wypadk\u00f3w.<\/li>\n<li>Nabywanie sprz\u0119tu, urz\u0105dze\u0144, wyposa\u017cenia i materia\u0142\u00f3w, s\u0142u\u017c\u0105cych do realizacji cel\u00f3w Fundacji i nieodp\u0142atne przekazywanie lub udost\u0119pnianie ich plac\u00f3wkom i instytucjom w zakresie wsp\u00f3\u0142pracy.<\/li>\n<li>Organizowanie publicznych imprez o charakterze sportowym, kulturalnym oraz edukacyjnym propaguj\u0105cych bezpiecze\u0144stwo, ratownictwo i ochron\u0119 ludno\u015bci.<\/li>\n<li>Wpieranie inicjatyw i pozyskiwanie \u015brodk\u00f3w na ochron\u0119, restauracj\u0119 i dokumentowanie obiekt\u00f3w zabytkowych, zwi\u0105zanych z ratownictwem i bezpiecze\u0144stwem.<\/li>\n<li>Wspieranie przedsi\u0119wzi\u0119\u0107 wzmacniaj\u0105cych \u015bwiadomo\u015b\u0107 i wag\u0119 lokalnego dziedzictwa kulturowego w zakresie odpowiadaj\u0105cym celom Fundacji.<\/li>\n<li>Doradztwo i pomoc organizacyjn\u0105 przy likwidacji skutk\u00f3w zniszcze\u0144 i kl\u0119sk \u017cywio\u0142owych oraz innych zdarze\u0144 zagra\u017caj\u0105cych bezpiecze\u0144stwu.<\/li>\n<li>Podejmowanie dzia\u0142a\u0144 maj\u0105cych na celu promowanie podmiot\u00f3w wspieraj\u0105cych rozw\u00f3j bezpiecze\u0144stwa, ratownictwa i ochrony ludno\u015bci.<\/li>\n<li>Wsp\u00f3\u0142prac\u0119 z krajowymi i zagranicznymi podmiotami zainteresowanymi celami Fundacji.<\/li>\n<li>Organizowanie publicznych imprez charytatywnych, dochodowych i zbi\u00f3rek pieni\u0119\u017cnych na cele statutowe.<\/li>\n<li>Dzia\u0142alno\u015b\u0107 wydawnicz\u0105<\/li>\n<li>Dzia\u0142alno\u015b\u0107 edukacyjn\u0105, w tym organizowanie szkole\u0144, konferencji i warsztat\u00f3w.<\/li>\n<li>Organizowanie konkurs\u00f3w upowszechniaj\u0105cych wiedz\u0119 w zakresie bezpiecze\u0144stwa, ratownictwa i ochrony ludno\u015bci.<\/li>\n<li>Upowszechnianie w \u015brodkach masowego przekazu wiedzy w zakresie obj\u0119tym celami Fundacji.<\/li>\n<li>Organizowanie spotka\u0144 s\u0142u\u017c\u0105cych wymianie do\u015bwiadcze\u0144 os\u00f3b i jednostek prowadz\u0105cych dzia\u0142alno\u015b\u0107 w zakresie zbie\u017cnym z celami Fundacji, a tak\u017ce upowszechnianie tych do\u015bwiadcze\u0144.<\/li>\n<li>Dzia\u0142alno\u015b\u0107 integruj\u0105c\u0105 podmioty, kt\u00f3rych dzia\u0142alno\u015b\u0107 jest zbie\u017cna z celami Fundacji, poprzez aktywno\u015b\u0107 kulturaln\u0105, rekreacyjn\u0105, promocyjn\u0105 i turystyczn\u0105.<\/li>\n<li>Udzia\u0142 w tworzeniu program\u00f3w wsp\u00f3\u0142pracy jednostek samorz\u0105dowych i rz\u0105dowych z organizacjami pozarz\u0105dowymi.<\/li>\n<li>Wsp\u00f3\u0142prac\u0119 z w\u0142adzami samorz\u0105dowymi, rz\u0105dowymi i organizacjami pozarz\u0105dowymi oraz przedsi\u0119biorcami w zakresie obj\u0119tym celami Fundacji.<\/li>\n<li>Pozyskiwanie \u015brodk\u00f3w finansowych, w tym pochodz\u0105cych z funduszy unijnych.<\/li>\n<\/ol>\n<\/blockquote>\n","protected":false},"excerpt":{"rendered":"<p>Zadania Zadaniem Fundacji EUROPA 112 jest praca na rzecz rozwoju bezpiecze\u0144stwa publicznego, ratownictwa i ochrony ludno\u015bci.To wyzwanie chcemy realizowa\u0107 poprzez innowacyjn\u0105 dzia\u0142alno\u015b\u0107 naukowo-techniczn\u0105, edukacj\u0119, promocj\u0119 i wspieranie podmiot\u00f3w ratowniczych. Wszystkie dzia\u0142ania zosta\u0142y zaprojektowane do realizacji w partnerstwie mi\u0119dzyinstytucjonalnym. Szczeg\u00f3ln\u0105 rol\u0119 odgrywaj\u0105 porozumienia zawarte z w\u0142adzami: samorz\u0105d\u00f3w gminnych, gminnych ochotniczych stra\u017cy po\u017carnych, plac\u00f3wek o\u015bwiatowych, gminnych o\u015brodk\u00f3w sportu i kultury. Z uwagi na zakres dzia\u0142a\u0144 strategicznym partnerem&nbsp; dla realizacji projekt\u00f3w Fundacji s\u0105 instytucje odpowiedzialne za bezpiecze\u0144stwo publiczne, tj. np. Policja czy Pa\u0144stwowa Stra\u017c Po\u017carna. Do wsp\u00f3\u0142pracy zaproszeni zostali tak\u017ce przedsi\u0119biorcy, przedstawiciele lokalnych medi\u00f3w, ko\u015bcio\u0142a. Szczeg\u00f3\u0142owy zakres dzia\u0142ania Fundacja reguluje swoje cele przez: Wsp\u00f3\u0142prac\u0119 z samorz\u0105dami lokalnymi w zakresie podnoszenia poziomu ratownictwa i bezpiecze\u0144stwa przez jego rozw\u00f3j i zwi\u0119kszenie jego efektywno\u015bci. Prowadzenie dzia\u0142a\u0144 wspieraj\u0105cych podmioty ratownicze i podmioty odpowiedzialne za bezpiecze\u0144stwo publiczne, w tym poprzez zapewnienie szkole\u0144 podnosz\u0105cych ich kwalifikacje. Prowadzenie bada\u0144 maj\u0105cych na celu analizowanie i syntezowanie danych dotycz\u0105cych poziomu bezpiecze\u0144stwa, ratownictwa i ochrony ludno\u015bci. Inicjowanie przedsi\u0119wzi\u0119\u0107 i wsp\u00f3\u0142dzia\u0142anie przy budowaniu innowacyjnego systemu bezpiecze\u0144stwa, ratownictwa i ochrony ludno\u015bci odpowiadaj\u0105cego rzeczywistemu zapotrzebowaniu w tym zakresie (model wsp\u00f3\u0142pracy). Aktywizowanie jednostek Ochotniczych Stra\u017cy Po\u017carnych w zakresie realizacji wypracowanego systemu bezpiecze\u0144stwa, ratownictwa i ochrony ludno\u015bci. Wprowadzanie innowacyjno\u015bci w zarz\u0105dzaniu bezpiecze\u0144stwem w ramach realizacji projekt\u00f3w i program\u00f3w. Organizowanie pomocy i pozyskiwanie \u015brodk\u00f3w na rzecz podmiot\u00f3w ratowniczych i podmiot\u00f3w odpowiedzialnych za bezpiecze\u0144stwo Dzia\u0142ania edukacyjne i profilaktyczne w zakresie ratownictwa i bezpiecze\u0144stwa z uwzgl\u0119dnieniem ochrony \u015brodowiska Wsp\u00f3\u0142prac\u0119 ze spo\u0142eczno\u015bciami lokalnymi przez podnoszenie \u015bwiadomo\u015bci spo\u0142ecze\u0144stwa w zakresie wyst\u0119puj\u0105cych zagro\u017ce\u0144, w tym naturalnych i cywilizacyjnych oraz mo\u017cliwo\u015bci zapobiegania. Udzielanie pomocy prawnej i psychologicznej ratownikom i stra\u017cakom poszkodowanym w akcjach ratowniczych oraz ofiarom kl\u0119sk, katastrof i wypadk\u00f3w. Nabywanie sprz\u0119tu, urz\u0105dze\u0144, wyposa\u017cenia i materia\u0142\u00f3w, s\u0142u\u017c\u0105cych do realizacji cel\u00f3w Fundacji i nieodp\u0142atne przekazywanie lub udost\u0119pnianie ich plac\u00f3wkom i instytucjom w zakresie wsp\u00f3\u0142pracy. Organizowanie publicznych imprez o charakterze sportowym, kulturalnym oraz edukacyjnym propaguj\u0105cych bezpiecze\u0144stwo, ratownictwo i ochron\u0119 ludno\u015bci. Wpieranie inicjatyw i pozyskiwanie \u015brodk\u00f3w na ochron\u0119, restauracj\u0119 i dokumentowanie obiekt\u00f3w zabytkowych, zwi\u0105zanych z ratownictwem i bezpiecze\u0144stwem. Wspieranie przedsi\u0119wzi\u0119\u0107 wzmacniaj\u0105cych \u015bwiadomo\u015b\u0107 i wag\u0119 lokalnego dziedzictwa kulturowego w zakresie odpowiadaj\u0105cym celom Fundacji. Doradztwo i pomoc organizacyjn\u0105 przy likwidacji skutk\u00f3w zniszcze\u0144 i kl\u0119sk \u017cywio\u0142owych oraz innych zdarze\u0144 zagra\u017caj\u0105cych bezpiecze\u0144stwu. Podejmowanie dzia\u0142a\u0144 maj\u0105cych na celu promowanie podmiot\u00f3w wspieraj\u0105cych rozw\u00f3j bezpiecze\u0144stwa, ratownictwa i ochrony ludno\u015bci. Wsp\u00f3\u0142prac\u0119 z krajowymi i zagranicznymi podmiotami zainteresowanymi celami Fundacji. Organizowanie publicznych imprez charytatywnych, dochodowych i zbi\u00f3rek pieni\u0119\u017cnych na cele statutowe. Dzia\u0142alno\u015b\u0107 wydawnicz\u0105 Dzia\u0142alno\u015b\u0107 edukacyjn\u0105, w tym organizowanie szkole\u0144, konferencji i warsztat\u00f3w. Organizowanie konkurs\u00f3w upowszechniaj\u0105cych wiedz\u0119 w zakresie bezpiecze\u0144stwa, ratownictwa i ochrony ludno\u015bci. Upowszechnianie w \u015brodkach masowego przekazu wiedzy w zakresie obj\u0119tym celami Fundacji. Organizowanie spotka\u0144 s\u0142u\u017c\u0105cych wymianie do\u015bwiadcze\u0144 os\u00f3b i jednostek prowadz\u0105cych dzia\u0142alno\u015b\u0107 w zakresie zbie\u017cnym z celami Fundacji, a tak\u017ce upowszechnianie tych do\u015bwiadcze\u0144. Dzia\u0142alno\u015b\u0107 integruj\u0105c\u0105 podmioty, kt\u00f3rych dzia\u0142alno\u015b\u0107 jest zbie\u017cna z celami Fundacji, poprzez aktywno\u015b\u0107 kulturaln\u0105, rekreacyjn\u0105, promocyjn\u0105 i turystyczn\u0105. Udzia\u0142 w tworzeniu program\u00f3w wsp\u00f3\u0142pracy jednostek samorz\u0105dowych i rz\u0105dowych z organizacjami pozarz\u0105dowymi. Wsp\u00f3\u0142prac\u0119 z w\u0142adzami samorz\u0105dowymi, rz\u0105dowymi i organizacjami pozarz\u0105dowymi oraz przedsi\u0119biorcami w zakresie obj\u0119tym celami Fundacji. Pozyskiwanie \u015brodk\u00f3w finansowych, w tym pochodz\u0105cych z funduszy unijnych.<\/p>\n","protected":false},"author":1,"featured_media":0,"parent":43,"menu_order":0,"comment_status":"closed","ping_status":"closed","template":"","meta":[],"_links":{"self":[{"href":"https:\/\/europa112.pl\/index.php\/wp-json\/wp\/v2\/pages\/60"}],"collection":[{"href":"https:\/\/europa112.pl\/index.php\/wp-json\/wp\/v2\/pages"}],"about":[{"href":"https:\/\/europa112.pl\/index.php\/wp-json\/wp\/v2\/types\/page"}],"author":[{"embeddable":true,"href":"https:\/\/europa112.pl\/index.php\/wp-json\/wp\/v2\/users\/1"}],"replies":[{"embeddable":true,"href":"https:\/\/europa112.pl\/index.php\/wp-json\/wp\/v2\/comments?post=60"}],"version-history":[{"count":4,"href":"https:\/\/europa112.pl\/index.php\/wp-json\/wp\/v2\/pages\/60\/revisions"}],"predecessor-version":[{"id":684,"href":"https:\/\/europa112.pl\/index.php\/wp-json\/wp\/v2\/pages\/60\/revisions\/684"}],"up":[{"embeddable":true,"href":"https:\/\/europa112.pl\/index.php\/wp-json\/wp\/v2\/pages\/43"}],"wp:attachment":[{"href":"https:\/\/europa112.pl\/index.php\/wp-json\/wp\/v2\/media?parent=60"}],"curies":[{"name":"wp","href":"https:\/\/api.w.org\/{rel}","templated":true}]}}