{"id":64,"date":"2018-04-09T09:59:02","date_gmt":"2018-04-09T09:59:02","guid":{"rendered":"http:\/\/europa112.pl\/?page_id=64"},"modified":"2024-06-20T21:24:26","modified_gmt":"2024-06-20T21:24:26","slug":"sprawozdania","status":"publish","type":"page","link":"https:\/\/europa112.pl\/index.php\/o-nas-2\/sprawozdania\/","title":{"rendered":"Sprawozdania"},"content":{"rendered":"\n<p><\/p>\n\n\n<h4>Dzia\u0142alno\u015b\u0107 za rok 2023<\/h4>\n<blockquote>\n<p><a href=\"https:\/\/europa112.pl\/wp-content\/uploads\/2024\/06\/Bilans-Fundacji-za-2023.pdf\">Bilans Fundacji Europa 112 za 2023 rok<\/a><\/p>\n<p><a href=\"https:\/\/europa112.pl\/wp-content\/uploads\/2024\/06\/Rachunek-Fundacji-za-2023.pdf\">Rachunek Wynik\u00f3w Fundacji Europa 112 za 2023 rok<\/a><\/p>\n<\/blockquote>\n\n<h4>Dzia\u0142alno\u015b\u0107 za rok 2022<\/h4>\n<blockquote>\n<p><a href=\"https:\/\/europa112.pl\/wp-content\/uploads\/2023\/08\/SPRAWOZDANIE-za-2022-rok.pdf\">Sprawozdanie z dzia\u0142alno\u015bci Fundacji Europa 112 za 2022 rok<\/a><\/p>\n<p><a href=\"https:\/\/europa112.pl\/wp-content\/uploads\/2023\/08\/Rachunek-zyskow-i-strat-za-2022-r.-Fundacja-Europa-112.pdf\">Rachunek Wynik\u00f3w Fundacji Europa 112 za 2022 rok<\/a><\/p>\n<\/blockquote>\n<h4>Dzia\u0142alno\u015b\u0107 za rok 2021<\/h4>\n<blockquote>\n<p><a href=\"https:\/\/europa112.pl\/wp-content\/uploads\/2023\/08\/SPRAWOZDANIE-za-2021-rok.pdf\">Sprawozdanie z dzia\u0142alno\u015bci Fundacji Europa 112 za 2021 rok<\/a><\/p>\n<\/blockquote>\n<h4>Dzia\u0142alno\u015b\u0107 za rok 2016<\/h4>\n<blockquote>\n<p><a href=\"http:\/\/europa112.pl\/2016\/Sprawozdanie_z_dzialalnosci_Fundacji_Europa_112_za_2016_rok.pdf\">Sprawozdanie z dzia\u0142alno\u015bci Fundacji Europa 112 za 2016 rok<\/a><br \/><a href=\"http:\/\/europa112.pl\/2016\/Bilans_Fundacja_2016.pdf\">Bilans Fundacji Europa 112 za 2016 rok<\/a><br \/><a href=\"http:\/\/europa112.pl\/2016\/Rachunek_Wynikow_2016.pdf\">Rachunek Wynik\u00f3w Fundacji Europa 112 za 2016 rok<\/a><\/p>\n<\/blockquote>\n<h4>Dzia\u0142alno\u015b\u0107 za rok 2015<\/h4>\n<blockquote>\n<p><a href=\"http:\/\/europa112.pl\/2015\/Sprawozdanie_z_dzia\u0142alno\u015bci_Fundacji_za_rok_2015.pdf\">Sprawozdanie z dzia\u0142alno\u015bci Fundacji Europa 112 za 2015 rok<\/a><br \/><a href=\"http:\/\/europa112.pl\/2015\/BILANS_ZA_ROK_2015.jpg\">Bilans Fundacji Europa 112 za 2015 rok<\/a><br \/><a href=\"http:\/\/europa112.pl\/2015\/RACHUNEK_ZYSK\u00d3W_I_STRAT_ZA_2015_ROK.jpg\">Rachunek Wynik\u00f3w Fundacji Europa 112 za 2015 rok<\/a><\/p>\n<\/blockquote>\n<h4>Dzia\u0142alno\u015b\u0107 za rok 2014<\/h4>\n<blockquote>\n<p><a href=\"http:\/\/europa112.pl\/2014\/Sprawozdanie_z_dzialalnosci_za_rok_2014.pdf\">Sprawozdanie z dzia\u0142alno\u015bci Fundacji Europa 112 za 2014 rok<\/a><br \/><a href=\"http:\/\/europa112.pl\/2014\/Sprawozdanie_z_dzialalnosci_za_rok_2014.pdf\">Bilans Fundacji Europa 112 za 2014 rok<\/a><br \/><a href=\"http:\/\/europa112.pl\/2014\/Sprawozdanie_z_dzialalnosci_za_rok_2014.pdf\">Rachunek Wynik\u00f3w Fundacji Europa 112 za 2014 rok<\/a><\/p>\n<\/blockquote>","protected":false},"excerpt":{"rendered":"<p>Dzia\u0142alno\u015b\u0107 za rok 2023 Bilans Fundacji Europa 112 za 2023 rok Rachunek Wynik\u00f3w Fundacji Europa 112 za 2023 rok Dzia\u0142alno\u015b\u0107 za rok 2022 Sprawozdanie z dzia\u0142alno\u015bci Fundacji Europa 112 za 2022 rok Rachunek Wynik\u00f3w Fundacji Europa 112 za 2022 rok Dzia\u0142alno\u015b\u0107 za rok 2021 Sprawozdanie z dzia\u0142alno\u015bci Fundacji Europa 112 za 2021 rok Dzia\u0142alno\u015b\u0107 za rok 2016 Sprawozdanie z dzia\u0142alno\u015bci Fundacji Europa 112 za 2016 rokBilans Fundacji Europa 112 za 2016 rokRachunek Wynik\u00f3w Fundacji Europa 112 za 2016 rok Dzia\u0142alno\u015b\u0107 za rok 2015 Sprawozdanie z dzia\u0142alno\u015bci Fundacji Europa 112 za 2015 rokBilans Fundacji Europa 112 za 2015 rokRachunek Wynik\u00f3w Fundacji Europa 112 za 2015 rok Dzia\u0142alno\u015b\u0107 za rok 2014 Sprawozdanie z dzia\u0142alno\u015bci Fundacji Europa 112 za 2014 rokBilans Fundacji Europa 112 za 2014 rokRachunek Wynik\u00f3w Fundacji Europa 112 za 2014 rok<\/p>\n","protected":false},"author":1,"featured_media":83,"parent":43,"menu_order":0,"comment_status":"closed","ping_status":"closed","template":"","meta":[],"_links":{"self":[{"href":"https:\/\/europa112.pl\/index.php\/wp-json\/wp\/v2\/pages\/64"}],"collection":[{"href":"https:\/\/europa112.pl\/index.php\/wp-json\/wp\/v2\/pages"}],"about":[{"href":"https:\/\/europa112.pl\/index.php\/wp-json\/wp\/v2\/types\/page"}],"author":[{"embeddable":true,"href":"https:\/\/europa112.pl\/index.php\/wp-json\/wp\/v2\/users\/1"}],"replies":[{"embeddable":true,"href":"https:\/\/europa112.pl\/index.php\/wp-json\/wp\/v2\/comments?post=64"}],"version-history":[{"count":16,"href":"https:\/\/europa112.pl\/index.php\/wp-json\/wp\/v2\/pages\/64\/revisions"}],"predecessor-version":[{"id":1210,"href":"https:\/\/europa112.pl\/index.php\/wp-json\/wp\/v2\/pages\/64\/revisions\/1210"}],"up":[{"embeddable":true,"href":"https:\/\/europa112.pl\/index.php\/wp-json\/wp\/v2\/pages\/43"}],"wp:featuredmedia":[{"embeddable":true,"href":"https:\/\/europa112.pl\/index.php\/wp-json\/wp\/v2\/media\/83"}],"wp:attachment":[{"href":"https:\/\/europa112.pl\/index.php\/wp-json\/wp\/v2\/media?parent=64"}],"curies":[{"name":"wp","href":"https:\/\/api.w.org\/{rel}","templated":true}]}}