{"id":66,"date":"2018-04-09T09:59:32","date_gmt":"2018-04-09T09:59:32","guid":{"rendered":"http:\/\/europa112.pl\/?page_id=66"},"modified":"2021-10-10T16:37:44","modified_gmt":"2021-10-10T16:37:44","slug":"zarzad","status":"publish","type":"page","link":"https:\/\/europa112.pl\/index.php\/o-nas-2\/zarzad\/","title":{"rendered":"Zarz\u0105d"},"content":{"rendered":"<p>W sk\u0142ad Zarz\u0105du wchodzi od 1 do 3 os\u00f3b, powo\u0142anych przez Fundator\u00f3w, na czas nieokre\u015blony.<\/p>\n<h4>Sk\u0142ad Zarz\u0105du<\/h4>\n<blockquote>\n<h5>Prezes<\/h5>\n<p>prof. dr hab. in\u017c. Miros\u0142aw Dytczak<\/p>\n<h5>Wiceprezes<\/h5>\n<p>Aniela Niemiec<\/p>\n<h5>Wiceprezes<\/h5>\n<p>Mariusz Zabrocki<\/p>\n<h5>Skarbnik<\/h5>\n<p>Ewa\u00a0 Dzia\u0142y\u0144ska \u2013Dziarmaga<\/p><\/blockquote>\n<h4>Do wy\u0142\u0105cznej kompetencji Zarz\u0105du Fundacji nale\u017cy:<\/h4>\n<blockquote>\n<ul>\n<li>Kierowanie dzia\u0142alno\u015bci\u0105 i reprezentowanie na zewn\u0105trz, a w szczeg\u00f3lno\u015bci wobec organ\u00f3w pa\u0144stwowych i innych organizacji i udzielanie pe\u0142nomocnictw.<\/li>\n<li>Uchwalanie program\u00f3w dzia\u0142ania Fundacji i plan\u00f3w jej realizacji.<\/li>\n<li>Sprawowanie pieczy nad maj\u0105tkiem Fundacji.<\/li>\n<li>Przyjmowanie darowizn, spadk\u00f3w i zapis\u00f3w.<\/li>\n<li>Uchwalanie rocznych plan\u00f3w finansowych oraz sprawozda\u0144 rocznych z dzia\u0142alno\u015bci Fundacji<\/li>\n<li>Uchwalanie Regulaminu Pracy Zarz\u0105du.<\/li>\n<li>Tworzenie i likwidacja oddzia\u0142\u00f3w i okre\u015blanie zakresu ich dzia\u0142ania w ramach Fundacji.<\/li>\n<li>Podejmowanie uchwa\u0142 o przyst\u0105pieniu b\u0105d\u017a wyst\u0105pieniu Fundacji do innej organizacji.<\/li>\n<li>Powo\u0142ywanie Rady Programowej, nadz\u00f3r nad jej dzia\u0142alno\u015bci\u0105 i zatwierdzanie Regulaminu Pracy.<\/li>\n<li>Ustalenie regulamin\u00f3w \u2013 polityki rachunkowo\u015bci w zakresie wydatkowania \u015brodk\u00f3w Fundacji , prowadzenia rozlicze\u0144 i sprawozdawczo\u015bci.<\/li>\n<li>Ustanawianie stypendi\u00f3w, tytu\u0142\u00f3w honorowych i innych wyr\u00f3\u017cnie\u0144 oraz uchwalanie regulamin\u00f3w ich przyznawania osobom i innym podmiotom zas\u0142u\u017conym dla cel\u00f3w realizowanych przez Fundacj\u0119<\/li>\n<li>Decydowanie o strukturze organizacyjnej Fundacji i ustalenie liczby sta\u0142ych pracownik\u00f3w.<\/li>\n<li>Ustalenie podzia\u0142u pracy mi\u0119dzy cz\u0142onkami Zarz\u0105du.<\/li>\n<\/ul>\n<hr \/>\n<\/blockquote>\n","protected":false},"excerpt":{"rendered":"<p>W sk\u0142ad Zarz\u0105du wchodzi od 1 do 3 os\u00f3b, powo\u0142anych przez Fundator\u00f3w, na czas nieokre\u015blony. Sk\u0142ad Zarz\u0105du Prezes prof. dr hab. in\u017c. Miros\u0142aw Dytczak Wiceprezes Aniela Niemiec Wiceprezes Mariusz Zabrocki Skarbnik Ewa\u00a0 Dzia\u0142y\u0144ska \u2013Dziarmaga Do wy\u0142\u0105cznej kompetencji Zarz\u0105du Fundacji nale\u017cy: Kierowanie dzia\u0142alno\u015bci\u0105 i reprezentowanie na zewn\u0105trz, a w szczeg\u00f3lno\u015bci wobec organ\u00f3w pa\u0144stwowych i innych organizacji i udzielanie pe\u0142nomocnictw. Uchwalanie program\u00f3w dzia\u0142ania Fundacji i plan\u00f3w jej realizacji. Sprawowanie pieczy nad maj\u0105tkiem Fundacji. Przyjmowanie darowizn, spadk\u00f3w i zapis\u00f3w. Uchwalanie rocznych plan\u00f3w finansowych oraz sprawozda\u0144 rocznych z dzia\u0142alno\u015bci Fundacji Uchwalanie Regulaminu Pracy Zarz\u0105du. Tworzenie i likwidacja oddzia\u0142\u00f3w i okre\u015blanie zakresu ich dzia\u0142ania w ramach Fundacji. Podejmowanie uchwa\u0142 o przyst\u0105pieniu b\u0105d\u017a wyst\u0105pieniu Fundacji do innej organizacji. Powo\u0142ywanie Rady Programowej, nadz\u00f3r nad jej dzia\u0142alno\u015bci\u0105 i zatwierdzanie Regulaminu Pracy. Ustalenie regulamin\u00f3w \u2013 polityki rachunkowo\u015bci w zakresie wydatkowania \u015brodk\u00f3w Fundacji , prowadzenia rozlicze\u0144 i sprawozdawczo\u015bci. Ustanawianie stypendi\u00f3w, tytu\u0142\u00f3w honorowych i innych wyr\u00f3\u017cnie\u0144 oraz uchwalanie regulamin\u00f3w ich przyznawania osobom i innym podmiotom zas\u0142u\u017conym dla cel\u00f3w realizowanych przez Fundacj\u0119 Decydowanie o strukturze organizacyjnej Fundacji i ustalenie liczby sta\u0142ych pracownik\u00f3w. Ustalenie podzia\u0142u pracy mi\u0119dzy cz\u0142onkami Zarz\u0105du.<\/p>\n","protected":false},"author":1,"featured_media":0,"parent":43,"menu_order":0,"comment_status":"closed","ping_status":"closed","template":"","meta":[],"_links":{"self":[{"href":"https:\/\/europa112.pl\/index.php\/wp-json\/wp\/v2\/pages\/66"}],"collection":[{"href":"https:\/\/europa112.pl\/index.php\/wp-json\/wp\/v2\/pages"}],"about":[{"href":"https:\/\/europa112.pl\/index.php\/wp-json\/wp\/v2\/types\/page"}],"author":[{"embeddable":true,"href":"https:\/\/europa112.pl\/index.php\/wp-json\/wp\/v2\/users\/1"}],"replies":[{"embeddable":true,"href":"https:\/\/europa112.pl\/index.php\/wp-json\/wp\/v2\/comments?post=66"}],"version-history":[{"count":5,"href":"https:\/\/europa112.pl\/index.php\/wp-json\/wp\/v2\/pages\/66\/revisions"}],"predecessor-version":[{"id":278,"href":"https:\/\/europa112.pl\/index.php\/wp-json\/wp\/v2\/pages\/66\/revisions\/278"}],"up":[{"embeddable":true,"href":"https:\/\/europa112.pl\/index.php\/wp-json\/wp\/v2\/pages\/43"}],"wp:attachment":[{"href":"https:\/\/europa112.pl\/index.php\/wp-json\/wp\/v2\/media?parent=66"}],"curies":[{"name":"wp","href":"https:\/\/api.w.org\/{rel}","templated":true}]}}